{"id":74,"date":"2009-06-17T20:48:54","date_gmt":"2009-06-17T19:48:54","guid":{"rendered":"http:\/\/pfadign.boettge.info\/blog\/?page_id=74"},"modified":"2022-07-08T09:56:55","modified_gmt":"2022-07-08T08:56:55","slug":"adler","status":"publish","type":"page","link":"https:\/\/pfadign.boettge.info\/blog\/?page_id=74","title":{"rendered":"&#8222;Wildschweine&#8220; &#038; &#8222;Dachse&#8220;"},"content":{"rendered":"<p>Wir sind die Sippen des Stammes. Wir sind die Wildschwein und die Dachse. Wir treffen uns immer freitags von 19:00 bis 20:30 Uhr und w\u00fcrden uns \u00fcber Nachwuchs im Alter ab 12 Jahren freuen.<\/p>\n<p><span style=\"font-size: inherit;\">Ja wir ihr habt richtig gelesen, wir sind 2 Sippen zur gleichen Zeit. Das erm\u00f6glicht uns viele coole Aktionen gemeinsam zumachen. Die nur was f\u00fcr &#8222;gro\u00dfe&#8220; sind. Habt ihr Lust bekommen, dann schaut doch einfach mal vorbei.<\/span><\/p>\n<p><img loading=\"lazy\" decoding=\"async\" class=\"alignnone size-medium wp-image-729\" src=\"https:\/\/pfadign.boettge.info\/blog\/files\/2022\/07\/DSC05304-300x200.jpg\" alt=\"\" width=\"300\" height=\"200\" srcset=\"https:\/\/pfadign.boettge.info\/blog\/files\/2022\/07\/DSC05304-300x200.jpg 300w, https:\/\/pfadign.boettge.info\/blog\/files\/2022\/07\/DSC05304-1024x684.jpg 1024w, https:\/\/pfadign.boettge.info\/blog\/files\/2022\/07\/DSC05304-768x513.jpg 768w, https:\/\/pfadign.boettge.info\/blog\/files\/2022\/07\/DSC05304-1536x1026.jpg 1536w, https:\/\/pfadign.boettge.info\/blog\/files\/2022\/07\/DSC05304-2048x1368.jpg 2048w\" sizes=\"auto, (max-width: 300px) 100vw, 300px\" \/><\/p>\n","protected":false},"excerpt":{"rendered":"<p>Wir sind die Sippen des Stammes. Wir sind die Wildschwein und die Dachse. Wir treffen uns immer freitags von 19:00 bis 20:30 Uhr und w\u00fcrden uns \u00fcber Nachwuchs im Alter ab 12 Jahren freuen. Ja wir ihr habt richtig gelesen, &hellip; <a href=\"https:\/\/pfadign.boettge.info\/blog\/?page_id=74\">Weiterlesen <span class=\"meta-nav\">&rarr;<\/span><\/a><\/p>\n","protected":false},"author":5,"featured_media":0,"parent":5,"menu_order":0,"comment_status":"open","ping_status":"open","template":"","meta":{"footnotes":""},"class_list":["post-74","page","type-page","status-publish","hentry"],"_links":{"self":[{"href":"https:\/\/pfadign.boettge.info\/blog\/index.php?rest_route=\/wp\/v2\/pages\/74","targetHints":{"allow":["GET"]}}],"collection":[{"href":"https:\/\/pfadign.boettge.info\/blog\/index.php?rest_route=\/wp\/v2\/pages"}],"about":[{"href":"https:\/\/pfadign.boettge.info\/blog\/index.php?rest_route=\/wp\/v2\/types\/page"}],"author":[{"embeddable":true,"href":"https:\/\/pfadign.boettge.info\/blog\/index.php?rest_route=\/wp\/v2\/users\/5"}],"replies":[{"embeddable":true,"href":"https:\/\/pfadign.boettge.info\/blog\/index.php?rest_route=%2Fwp%2Fv2%2Fcomments&post=74"}],"version-history":[{"count":36,"href":"https:\/\/pfadign.boettge.info\/blog\/index.php?rest_route=\/wp\/v2\/pages\/74\/revisions"}],"predecessor-version":[{"id":730,"href":"https:\/\/pfadign.boettge.info\/blog\/index.php?rest_route=\/wp\/v2\/pages\/74\/revisions\/730"}],"up":[{"embeddable":true,"href":"https:\/\/pfadign.boettge.info\/blog\/index.php?rest_route=\/wp\/v2\/pages\/5"}],"wp:attachment":[{"href":"https:\/\/pfadign.boettge.info\/blog\/index.php?rest_route=%2Fwp%2Fv2%2Fmedia&parent=74"}],"curies":[{"name":"wp","href":"https:\/\/api.w.org\/{rel}","templated":true}]}}