{"id":64,"date":"2009-10-01T00:32:55","date_gmt":"2009-09-30T23:32:55","guid":{"rendered":"http:\/\/pfadis.philip-prediger.de\/?page_id=64"},"modified":"2022-07-08T09:58:07","modified_gmt":"2022-07-08T08:58:07","slug":"flinke-schlangen","status":"publish","type":"page","link":"https:\/\/pfadign.boettge.info\/blog\/?page_id=64","title":{"rendered":"&#8222;Flinke Schlangen&#8220;"},"content":{"rendered":"<p>Die \u201cFlinken Schlangen\u201d sind die Meute, und damit die J\u00fcngsten bei uns im Stamm.<\/p>\n<p>Wir freuen uns, jeden zwischen 6 und 11Jahren bei uns zu begr\u00fc\u00dfen. Wir treffen uns Mittwochs von 16:30 &#8211; 18:00 Uhr im Steitz.<\/p>\n<p>Doch am besten stellt sich die Meute selbst einmal vor:<\/p>\n<p>Hi, wir sind die \u201cFlinken Schlangen\u201d, die coolste und beste Meute bei uns im Stamm! Im Moment bestehen wir aus ungef\u00e4hr 9Kindern aber wir w\u00fcrden uns nat\u00fcrlich immer \u00fcber Zuwachs freuen!!!<\/p>\n","protected":false},"excerpt":{"rendered":"<p>Die \u201cFlinken Schlangen\u201d sind die Meute, und damit die J\u00fcngsten bei uns im Stamm. Wir freuen uns, jeden zwischen 6 und 11Jahren bei uns zu begr\u00fc\u00dfen. Wir treffen uns Mittwochs von 16:30 &#8211; 18:00 Uhr im Steitz. Doch am besten &hellip; <a href=\"https:\/\/pfadign.boettge.info\/blog\/?page_id=64\">Weiterlesen <span class=\"meta-nav\">&rarr;<\/span><\/a><\/p>\n","protected":false},"author":3,"featured_media":0,"parent":5,"menu_order":0,"comment_status":"open","ping_status":"open","template":"","meta":{"footnotes":""},"class_list":["post-64","page","type-page","status-publish","hentry"],"_links":{"self":[{"href":"https:\/\/pfadign.boettge.info\/blog\/index.php?rest_route=\/wp\/v2\/pages\/64","targetHints":{"allow":["GET"]}}],"collection":[{"href":"https:\/\/pfadign.boettge.info\/blog\/index.php?rest_route=\/wp\/v2\/pages"}],"about":[{"href":"https:\/\/pfadign.boettge.info\/blog\/index.php?rest_route=\/wp\/v2\/types\/page"}],"author":[{"embeddable":true,"href":"https:\/\/pfadign.boettge.info\/blog\/index.php?rest_route=\/wp\/v2\/users\/3"}],"replies":[{"embeddable":true,"href":"https:\/\/pfadign.boettge.info\/blog\/index.php?rest_route=%2Fwp%2Fv2%2Fcomments&post=64"}],"version-history":[{"count":23,"href":"https:\/\/pfadign.boettge.info\/blog\/index.php?rest_route=\/wp\/v2\/pages\/64\/revisions"}],"predecessor-version":[{"id":731,"href":"https:\/\/pfadign.boettge.info\/blog\/index.php?rest_route=\/wp\/v2\/pages\/64\/revisions\/731"}],"up":[{"embeddable":true,"href":"https:\/\/pfadign.boettge.info\/blog\/index.php?rest_route=\/wp\/v2\/pages\/5"}],"wp:attachment":[{"href":"https:\/\/pfadign.boettge.info\/blog\/index.php?rest_route=%2Fwp%2Fv2%2Fmedia&parent=64"}],"curies":[{"name":"wp","href":"https:\/\/api.w.org\/{rel}","templated":true}]}}