{"id":5,"date":"2008-05-15T18:44:05","date_gmt":"2008-05-15T17:44:05","guid":{"rendered":"http:\/\/pfadis.philip-prediger.de\/?page_id=3"},"modified":"2022-11-12T15:00:30","modified_gmt":"2022-11-12T14:00:30","slug":"gruppen","status":"publish","type":"page","link":"https:\/\/pfadign.boettge.info\/blog\/?page_id=5","title":{"rendered":"Gruppen"},"content":{"rendered":"<p>Hier stellen sich unsere Gruppen vor. Ganz allgemein unterscheiden wir zwischen Meuten (von 6-9Jahren), Sippen (von 11-15 Jahren) und Ranger\/Rover-Runden (ab 16).<\/p>\n<p><strong>Was ist &#8222;Pfadfinder sein&#8220; und was tut man so?<\/strong><\/p>\n<p>Bei den Pfadfindern gestalten und erkunden junge Menschen gemeinsam die Zukunft und unsere Welt, unabh\u00e4ngig von Herkunft, Alter oder Konfession.<\/p>\n<p>Pfadfinder sein bedeutet, nicht allein zu sein, egal wo man ist. Er lernt sein Leben in die eigene Hand zu nehmen, f\u00fcr Werte und die eigene Meinung einzustehen. Dinge auszuprobieren, Erfahrung zu sammeln und den Mut aufzubringen etwas zu ver\u00e4ndern. Mit Spa\u00df den eigenen Weg finden und sich weiter zu entwickeln.<\/p>\n<p>Zudem bedeute lernt man sich als Teil der Welt zu begreifen, Verantwortung zu \u00fcbernehmen und einen verantwortungsvollen Umgang mit Ressourcen zu erlernen sowie Achtsamkeit, Respekt, Hilfsbereitschaft und N\u00e4chstenliebe gegen\u00fcber anderen und der Natur erkennen und weiterzugeben, zu erkennen, wie wichtig und einzigartig unsere Erde ist.<\/p>\n<p>Dies lernt ein Pfadfinder zum Beispiel durch regelm\u00e4\u00dfige Gruppenstunden, durch Zeltlager, Fahrten und \u00dcbernachtungen im Freien, sowie durch die Kn\u00fcpfung von nationalen und internationalen Kontakten. Gemeinsames Singen und Musizieren verbindet Gro\u00df und Klein. Durch erkunden, spielen, werken und basteln lernt man die Natur, sowie die Pfadfindertechniken. Bei Aktionen und \u00f6ffentliche Veranstaltungen bringt am das \u201ePfadfinder sein\u201c anderen n\u00e4her. Mit dem Pfadfinderversprechen bindet man sich freiwillig an die Werte, Norme und Gesetzte der Pfadfinder und folgt vielen \u00e4lteren Pfadfindern auf ihren Weg.<\/p>\n<p><em>\u201eF\u00fcr mich bedeutet Pfadinder sein, immer wieder etwas Neues zu lerne, Offenheit, Respekt, Toleranz und Hilfsbereitschaft meinen Mitmenschen entgegen zu bringen. Ich durfte schon viele tolle und unvergessliche Momente mit den Pfadindern erleben. Sei es das Singen abends am Feuer, die Gruppenstunden mit den vielen strahlenden Gesichter, das Hajken, die Freude und die Abendteuer auf den Lagern, die Freundschaften die auf Lager und Veranstaltungen geschlossen werden, spannende, inspirierende und aufschlussreiche Gespr\u00e4che mit anderen Pfadfindern und vieles mehr. Durch die Pfadfinder bin ich viel selbstsicherer und offener geworden, zudem habe ich das Vertrauen in mich selbst gefunden. Fragt man viele gerade \u00e4ltere Pfadfinder sagen sie; dass es einer der besten Entscheidung ihres Lebens war, zu den Pfadfinder zu kommen. Einmal Pfadfinder immer Pfadfinder.\u201c<\/em><\/p>\n<p>Gut Pfad<\/p>\n<p>Habt ihr Lust bekommen, dann schaut doch einfach mal in die f\u00fcr dich passenden Gruppe rein\u00a0<\/p>\n<p><strong>Meute:<\/strong><br \/><a title=\"Flinke Schlangen\" href=\"https:\/\/pfadign.boettge.info\/blog\/?page_id=64\" target=\"_self\" rel=\"noopener\">&#8222;Flinke Schlangen&#8220;<\/a>, Mittwochs (von 6-11Jahre)<\/p>\n<p><strong>Sippen:<\/strong><\/p>\n<p><a href=\"https:\/\/pfadign.boettge.info\/blog\/?page_id=74\">Dachsen<\/a>, Freitags (ab 12 Jahren)<\/p>\n<p><a href=\"https:\/\/pfadign.boettge.info\/blog\/?page_id=74\">Wildschweine<\/a> , Freitags (ab 17Jahre)<\/p>\n\n","protected":false},"excerpt":{"rendered":"<p>Hier stellen sich unsere Gruppen vor. Ganz allgemein unterscheiden wir zwischen Meuten (von 6-9Jahren), Sippen (von 11-15 Jahren) und Ranger\/Rover-Runden (ab 16). Was ist &#8222;Pfadfinder sein&#8220; und was tut man so? Bei den Pfadfindern gestalten und erkunden junge Menschen gemeinsam &hellip; <a href=\"https:\/\/pfadign.boettge.info\/blog\/?page_id=5\">Weiterlesen <span class=\"meta-nav\">&rarr;<\/span><\/a><\/p>\n","protected":false},"author":2,"featured_media":0,"parent":0,"menu_order":0,"comment_status":"open","ping_status":"open","template":"","meta":{"footnotes":""},"class_list":["post-5","page","type-page","status-publish","hentry"],"_links":{"self":[{"href":"https:\/\/pfadign.boettge.info\/blog\/index.php?rest_route=\/wp\/v2\/pages\/5","targetHints":{"allow":["GET"]}}],"collection":[{"href":"https:\/\/pfadign.boettge.info\/blog\/index.php?rest_route=\/wp\/v2\/pages"}],"about":[{"href":"https:\/\/pfadign.boettge.info\/blog\/index.php?rest_route=\/wp\/v2\/types\/page"}],"author":[{"embeddable":true,"href":"https:\/\/pfadign.boettge.info\/blog\/index.php?rest_route=\/wp\/v2\/users\/2"}],"replies":[{"embeddable":true,"href":"https:\/\/pfadign.boettge.info\/blog\/index.php?rest_route=%2Fwp%2Fv2%2Fcomments&post=5"}],"version-history":[{"count":15,"href":"https:\/\/pfadign.boettge.info\/blog\/index.php?rest_route=\/wp\/v2\/pages\/5\/revisions"}],"predecessor-version":[{"id":772,"href":"https:\/\/pfadign.boettge.info\/blog\/index.php?rest_route=\/wp\/v2\/pages\/5\/revisions\/772"}],"wp:attachment":[{"href":"https:\/\/pfadign.boettge.info\/blog\/index.php?rest_route=%2Fwp%2Fv2%2Fmedia&parent=5"}],"curies":[{"name":"wp","href":"https:\/\/api.w.org\/{rel}","templated":true}]}}